{"id":14,"date":"2026-03-17T17:06:29","date_gmt":"2026-03-17T16:06:29","guid":{"rendered":"https:\/\/cydrignacow.pl\/?post_type=product&#038;p=14"},"modified":"2026-04-28T19:09:45","modified_gmt":"2026-04-28T17:09:45","slug":"sicero","status":"publish","type":"product","link":"https:\/\/cydrignacow.pl\/en\/product\/sicero\/","title":{"rendered":"Sicero"},"content":{"rendered":"<p>Sicero is a blend of heirloom varieties such as Golden Reinette and Cox's Orange Pippin, combined with bittersweet cider apples like Yarlington Mill, Marie M\u00e9nard, and Dabinett.<\/p>\n<p>Fruity, gently tannic with medium acidity. Great with food, excellent on its own.<\/p>\n<p>Unfiltered. Natural sediment is present; tilt gently before opening.<\/p>","protected":false},"excerpt":{"rendered":"<p>Sicero to kupa\u017c dawnych odmian jak Z\u0142ota Reneta czy Koksa Pomara\u0144czowa, i cydrowych, gorzko-s\u0142odkich Yarlington Mill, Marie M\u00e9nard i Dabinett. Owocowy, delikatnie taniczny ze \u015bredni\u0105 kwasowo\u015bci\u0105. Dobry z jedzeniem, dobry solo. Niefiltrowany, osad jest zjawiskiem naturalnym.<\/p>","protected":false},"featured_media":111,"comment_status":"open","ping_status":"closed","template":"","meta":[],"product_brand":[],"product_cat":[15],"product_tag":[],"class_list":{"0":"post-14","1":"product","2":"type-product","3":"status-publish","4":"has-post-thumbnail","6":"product_cat-bez-kategorii","8":"first","9":"instock","10":"shipping-taxable","11":"product-type-grouped"},"_links":{"self":[{"href":"https:\/\/cydrignacow.pl\/en\/wp-json\/wp\/v2\/product\/14","targetHints":{"allow":["GET"]}}],"collection":[{"href":"https:\/\/cydrignacow.pl\/en\/wp-json\/wp\/v2\/product"}],"about":[{"href":"https:\/\/cydrignacow.pl\/en\/wp-json\/wp\/v2\/types\/product"}],"replies":[{"embeddable":true,"href":"https:\/\/cydrignacow.pl\/en\/wp-json\/wp\/v2\/comments?post=14"}],"wp:featuredmedia":[{"embeddable":true,"href":"https:\/\/cydrignacow.pl\/en\/wp-json\/wp\/v2\/media\/111"}],"wp:attachment":[{"href":"https:\/\/cydrignacow.pl\/en\/wp-json\/wp\/v2\/media?parent=14"}],"wp:term":[{"taxonomy":"product_brand","embeddable":true,"href":"https:\/\/cydrignacow.pl\/en\/wp-json\/wp\/v2\/product_brand?post=14"},{"taxonomy":"product_cat","embeddable":true,"href":"https:\/\/cydrignacow.pl\/en\/wp-json\/wp\/v2\/product_cat?post=14"},{"taxonomy":"product_tag","embeddable":true,"href":"https:\/\/cydrignacow.pl\/en\/wp-json\/wp\/v2\/product_tag?post=14"}],"curies":[{"name":"wp","href":"https:\/\/api.w.org\/{rel}","templated":true}]}}