{"id":15,"date":"2026-03-17T17:07:32","date_gmt":"2026-03-17T16:07:32","guid":{"rendered":"https:\/\/cydrignacow.pl\/?post_type=product&#038;p=15"},"modified":"2026-04-28T19:09:24","modified_gmt":"2026-04-28T17:09:24","slug":"jablkowity","status":"publish","type":"product","link":"https:\/\/cydrignacow.pl\/en\/product\/jablkowity\/","title":{"rendered":"Jab\u0142kowity"},"content":{"rendered":"<p class=\"p1\">Dappled \u2013 a term used to describe a coat color, most often grey, featuring dark oval markings called dapples.<\/p>\n<p class=\"p1\">Jab\u0142kowity from Ignac\u00f3w is \"dappled\" with many apple varieties: from heirloom types like the Red Autumn Calville (known as Malin\u00f3wka), to cider-specific varieties like Yarlington Mill, which make up the majority.<\/p>\n<p class=\"p1\">Fruity, with pleasant tannins and a delicate sweetness for balance. Excellent on its own or paired with aromatic cuisine. Serve chilled. Unfiltered; contains natural sediment.<span class=\"Apple-converted-space\">\u00a0 <\/span>zjawiskiem naturalnym.<\/p>","protected":false},"excerpt":{"rendered":"<p>Jab\u0142kowity \u2013 tym s\u0142owem okre\u015bla si\u0119 konia o ma\u015bci najcz\u0119\u015bciej siwej z ciemnymi owalnymi plamami zwanymi jab\u0142kami. Jab\u0142kowity z Ignacowa nakrapiany jest jab\u0142kami wielu odmian: i tych dawnych, jak Kalwila Czerwona Jesienna zwana Malin\u00f3wk\u0105, i tych cydrowych, jak Yarlington Mill, kt\u00f3rych jest przewaga. Owocowy, z przyjemn\u0105 tanin\u0105 i delikatn\u0105 s\u0142odycz\u0105 dla r\u00f3wnowagi. Dobry solo, dobry [&hellip;]<\/p>\n","protected":false},"featured_media":110,"comment_status":"open","ping_status":"closed","template":"","meta":[],"product_brand":[],"product_cat":[15],"product_tag":[],"class_list":{"0":"post-15","1":"product","2":"type-product","3":"status-publish","4":"has-post-thumbnail","6":"product_cat-bez-kategorii","8":"first","9":"instock","10":"shipping-taxable","11":"purchasable","12":"product-type-simple"},"_links":{"self":[{"href":"https:\/\/cydrignacow.pl\/en\/wp-json\/wp\/v2\/product\/15","targetHints":{"allow":["GET"]}}],"collection":[{"href":"https:\/\/cydrignacow.pl\/en\/wp-json\/wp\/v2\/product"}],"about":[{"href":"https:\/\/cydrignacow.pl\/en\/wp-json\/wp\/v2\/types\/product"}],"replies":[{"embeddable":true,"href":"https:\/\/cydrignacow.pl\/en\/wp-json\/wp\/v2\/comments?post=15"}],"wp:featuredmedia":[{"embeddable":true,"href":"https:\/\/cydrignacow.pl\/en\/wp-json\/wp\/v2\/media\/110"}],"wp:attachment":[{"href":"https:\/\/cydrignacow.pl\/en\/wp-json\/wp\/v2\/media?parent=15"}],"wp:term":[{"taxonomy":"product_brand","embeddable":true,"href":"https:\/\/cydrignacow.pl\/en\/wp-json\/wp\/v2\/product_brand?post=15"},{"taxonomy":"product_cat","embeddable":true,"href":"https:\/\/cydrignacow.pl\/en\/wp-json\/wp\/v2\/product_cat?post=15"},{"taxonomy":"product_tag","embeddable":true,"href":"https:\/\/cydrignacow.pl\/en\/wp-json\/wp\/v2\/product_tag?post=15"}],"curies":[{"name":"wp","href":"https:\/\/api.w.org\/{rel}","templated":true}]}}