{"id":16,"date":"2026-03-17T17:07:58","date_gmt":"2026-03-17T16:07:58","guid":{"rendered":"https:\/\/cydrignacow.pl\/?post_type=product&#038;p=16"},"modified":"2026-04-28T19:09:04","modified_gmt":"2026-04-28T17:09:04","slug":"solutus","status":"publish","type":"product","link":"https:\/\/cydrignacow.pl\/en\/product\/solutus\/","title":{"rendered":"Solutus"},"content":{"rendered":"<p class=\"p1\">The term \"ice\" style refers to the freezing process, which removes a portion of water from the apple must. The resulting very sweet essence<span class=\"Apple-converted-space\">\u00a0 <\/span>ferments slowly, sometimes for over a year. This process creates a dessert-style cider, stronger than its classic dry counterpart.<\/p>\n<p class=\"p1\">In Solutus, the intense sweetness is balanced by vibrant acidity and a touch of astringency. The flavor reveals notes of baked apples, nuts, and honey.<span class=\"Apple-converted-space\">\u00a0 <\/span>Perfect with desserts and rich cheeses, yet excellent on its own.<\/p>\n<p class=\"p2\">Made from numerous old apple varieties, unfiltered, and gluten-free.<\/p>\n<p class=\"p2\">Best enjoyed slightly chilled.<\/p>","protected":false},"excerpt":{"rendered":"<p>Nazwa stylu \u201elodowy\u201d zwi\u0105zana jest z procesem wymra\u017cania (i przez to usuni\u0119cia) cz\u0119\u015bci wody z moszczu jab\u0142kowego. Tak uzyskana bardzo s\u0142odka esencja\u00a0 fermentuje d\u0142ugo, czasami ponad rok. W efekcie powstaje trunek deserowy, mocniejszy od klasycznego cydru. W Solutusie intensywn\u0105 s\u0142odycz balansuje \u017cywa kwasowo\u015b\u0107 i odrobina cierpko\u015bci. W smaku odnajdziemy pieczone jab\u0142ka, orzechy i mi\u00f3d.\u00a0 Doskona\u0142y [&hellip;]<\/p>\n","protected":false},"featured_media":109,"comment_status":"open","ping_status":"closed","template":"","meta":[],"product_brand":[],"product_cat":[15],"product_tag":[],"class_list":{"0":"post-16","1":"product","2":"type-product","3":"status-publish","4":"has-post-thumbnail","6":"product_cat-bez-kategorii","8":"first","9":"instock","10":"shipping-taxable","11":"purchasable","12":"product-type-simple"},"_links":{"self":[{"href":"https:\/\/cydrignacow.pl\/en\/wp-json\/wp\/v2\/product\/16","targetHints":{"allow":["GET"]}}],"collection":[{"href":"https:\/\/cydrignacow.pl\/en\/wp-json\/wp\/v2\/product"}],"about":[{"href":"https:\/\/cydrignacow.pl\/en\/wp-json\/wp\/v2\/types\/product"}],"replies":[{"embeddable":true,"href":"https:\/\/cydrignacow.pl\/en\/wp-json\/wp\/v2\/comments?post=16"}],"wp:featuredmedia":[{"embeddable":true,"href":"https:\/\/cydrignacow.pl\/en\/wp-json\/wp\/v2\/media\/109"}],"wp:attachment":[{"href":"https:\/\/cydrignacow.pl\/en\/wp-json\/wp\/v2\/media?parent=16"}],"wp:term":[{"taxonomy":"product_brand","embeddable":true,"href":"https:\/\/cydrignacow.pl\/en\/wp-json\/wp\/v2\/product_brand?post=16"},{"taxonomy":"product_cat","embeddable":true,"href":"https:\/\/cydrignacow.pl\/en\/wp-json\/wp\/v2\/product_cat?post=16"},{"taxonomy":"product_tag","embeddable":true,"href":"https:\/\/cydrignacow.pl\/en\/wp-json\/wp\/v2\/product_tag?post=16"}],"curies":[{"name":"wp","href":"https:\/\/api.w.org\/{rel}","templated":true}]}}