{"id":17,"date":"2026-03-17T17:08:24","date_gmt":"2026-03-17T16:08:24","guid":{"rendered":"https:\/\/cydrignacow.pl\/?post_type=product&#038;p=17"},"modified":"2026-04-28T19:08:44","modified_gmt":"2026-04-28T17:08:44","slug":"pomonella","status":"publish","type":"product","link":"https:\/\/cydrignacow.pl\/en\/product\/pomonella\/","title":{"rendered":"Pomonella"},"content":{"rendered":"<p class=\"p1\">A spirit made from our ciders with a tannic character.<span class=\"s1\">. <\/span><\/p>\n<p class=\"p1\">The aroma reveals apple peel, leading to a smooth, fruity palate with a stone fruit finish. Pomonella Eau-de-vie pairs perfectly with traditional Polish cuisine, from lighter fish dishes to heartier fare. Best served slightly chilled.<\/p>","protected":false},"excerpt":{"rendered":"<p>Destylat z naszych cydr\u00f3w o tanicznym charakterze. W aromacie sk\u00f3rka jab\u0142ka, w smaku \u0142agodna, owocowa nuta z pestkowym finiszem. Okowita Pomonella \u015bwietnie pasuje do tradycyjnej polskiej kuchni, i tej l\u017cejszej (ryby), i tej ci\u0119\u017cszej. Najlepiej smakuje lekko sch\u0142odzona.<\/p>","protected":false},"featured_media":108,"comment_status":"open","ping_status":"closed","template":"","meta":[],"product_brand":[],"product_cat":[15],"product_tag":[],"class_list":{"0":"post-17","1":"product","2":"type-product","3":"status-publish","4":"has-post-thumbnail","6":"product_cat-bez-kategorii","8":"first","9":"instock","10":"shipping-taxable","11":"purchasable","12":"product-type-simple"},"_links":{"self":[{"href":"https:\/\/cydrignacow.pl\/en\/wp-json\/wp\/v2\/product\/17","targetHints":{"allow":["GET"]}}],"collection":[{"href":"https:\/\/cydrignacow.pl\/en\/wp-json\/wp\/v2\/product"}],"about":[{"href":"https:\/\/cydrignacow.pl\/en\/wp-json\/wp\/v2\/types\/product"}],"replies":[{"embeddable":true,"href":"https:\/\/cydrignacow.pl\/en\/wp-json\/wp\/v2\/comments?post=17"}],"wp:featuredmedia":[{"embeddable":true,"href":"https:\/\/cydrignacow.pl\/en\/wp-json\/wp\/v2\/media\/108"}],"wp:attachment":[{"href":"https:\/\/cydrignacow.pl\/en\/wp-json\/wp\/v2\/media?parent=17"}],"wp:term":[{"taxonomy":"product_brand","embeddable":true,"href":"https:\/\/cydrignacow.pl\/en\/wp-json\/wp\/v2\/product_brand?post=17"},{"taxonomy":"product_cat","embeddable":true,"href":"https:\/\/cydrignacow.pl\/en\/wp-json\/wp\/v2\/product_cat?post=17"},{"taxonomy":"product_tag","embeddable":true,"href":"https:\/\/cydrignacow.pl\/en\/wp-json\/wp\/v2\/product_tag?post=17"}],"curies":[{"name":"wp","href":"https:\/\/api.w.org\/{rel}","templated":true}]}}